{"id":76,"date":"2015-03-30T23:27:28","date_gmt":"2015-03-30T21:27:28","guid":{"rendered":"http:\/\/aeis.workbox.de\/?page_id=76"},"modified":"2021-09-19T12:18:39","modified_gmt":"2021-09-19T10:18:39","slug":"ausschreibung","status":"publish","type":"page","link":"http:\/\/www.arminia-eiskunstlauf.de\/?page_id=76","title":{"rendered":"Ausschreibung 2022"},"content":{"rendered":"\n<p><a href=\"http:\/\/www.arminia-eiskunstlauf.de\/wp-content\/uploads\/2021\/09\/Ausschreibung-2022ME.pdf\">Ausschreibung Marietta-Marik-Pokal 2022<\/a><\/p>\n<p>\u00a0<\/p>\n<h3 style=\"text-align: center;\">Ausschreibung f\u00fcr den<br \/>Marietta-Marik-Pokal 2022<\/h3>\n<p><br \/><em><strong>I. Allgemeines<br \/><\/strong><\/em><br \/><span style=\"color: #0000ff;\">Veranstalter<\/span>: Eiskunstlaufabteilung des DSC Arminia Bielefeld e.V.<br \/><span style=\"color: #0000ff;\">Ort<\/span>: Oetker-Eisbahn, Duisburger Str. 8, 33647 Bielefeld<br \/><span style=\"color: #0000ff;\">Datum<\/span>: 27. 03. 2022<br \/><span style=\"color: #0000ff;\">Zeitplan<\/span>: Wird nach Eingang aller Meldungen erstellt und an alle beteiligten Vereine versandt.<br \/><span style=\"color: #0000ff;\">Wettbewerbsbedingungen<\/span>: Der Wettbewerb wird gem\u00e4\u00df der DKB durchgef\u00fchrt, sofern in dieser Ausschreibung keine besonderen Bedingungen genannt werden. Es gelten die technischen Durchf\u00fchrungsbestimmungen des Eissportverbandes NRW e.V. in jeweils zu dem Zeitpunkt g\u00fcltiger Fassung.<br \/>Die Wettbewerbe sind nur f\u00fcr Amateure offen, die einem Verein angeh\u00f6ren, der Mitglied in einem Landeseissportverband ist. Dar\u00fcber hinaus muss der Sportler die Voraussetzungen f\u00fcr die jeweilige Kategorie erf\u00fcllen.<br \/>Der Veranstalter ist berechtigt, bei zahlreichen Meldungen eine gesonderte Gruppeneinteilung vorzunehmen. Bei zu geringer Teilnehmerzahl starten M\u00e4dchen und Jungen evtl. in einer Gruppe.<br \/><span style=\"color: #0000ff;\">Wertungssystem<\/span>: Die Wettbewerbe werden nach dem OBO System gewertet.<br \/><br \/><em><strong>II. Veranstaltungszweck: <\/strong><\/em>Zweck der Veranstaltung ist die F\u00f6rderung des Eiskunstlaufens<br \/><br \/><em><strong>III. Wettbewerbskategorien:<\/strong><\/em><br \/>\u00a0\u2022 Minis<br \/>\u2022 Eisl\u00e4ufer<br \/>\u2022 Freil\u00e4ufer 1, 2 und 3<br \/>\u2022 Figurenl\u00e4ufer 1 und 2<br \/>\u2022 Kunstl\u00e4ufer<br \/>\u2022 Anw\u00e4rter<br \/>\u2022 Neulinge 1<br \/>\u2022 Neulinge 2<br \/><em><strong>IV. besondere Wettbewerbsbedingungen<\/strong><\/em><br \/>Mannschaftswertung<br \/>In allen Wettbewerbskategorien k\u00f6nnen beliebig viele L\u00e4uferinnen und L\u00e4ufer eines Vereins starten (zahlenm\u00e4\u00dfige Beschr\u00e4nkungen vorbehalten).<br \/>Pro Wettbewerbsgruppe kommen nur jeweils die drei besten L\u00e4ufer\/innen eines Vereins in die Vereinswertung.<br \/>Die Erstplatzierten einer Kategorie erhalten 10, 9, 8 usw. Punkte.<br \/>Die Punkte der Wettbewerbskategorien werden vereinsweise addiert.<br \/>Gewinner des Marietta-Marik-Pokals ist die Vereinsmannschaft mit der h\u00f6chsten Punktzahl. Bei Punktegleichheit entscheidet die h\u00f6here Anzahl von Erst-Platzierungen.<br \/>Der Marietta-Marik-Pokal ist ein Wanderpokal.<br \/><em><strong>V. Sonstiges<\/strong><\/em><br \/>Startgeb\u00fchr:<br \/>15,- \u20ac pro Teilnehmer Minis<br \/>20,- \u20ac pro Teilnehmer Eisl\u00e4ufer<br \/>25,- \u20ac pro Teilnehmer (Freil\u00e4ufer 1, 2, 3)<br \/>30,- \u20ac pro Teilnehmer (Figurenl\u00e4ufer 1, 2, Kunstl\u00e4ufer)<br \/>35,- \u20ac pro Teilnehmer (Anw\u00e4rter, Neulinge 1, 2)<br \/>Die Meldegeb\u00fchr ist auf das Konto des Vereines zu entrichten.<br \/>Eiskunstlaufabteilung des DSC Arminia Bielefeld e.V.<br \/>Sparkasse Bielefeld<br \/>Konto Nr. 590 22<br \/>BLZ 480 501 61<br \/>IBAN DE51 4805 0161 0000 0590 22<br \/>BIC SPBIDE3BXXX<br \/><em><strong>Meldeschluss: <\/strong><\/em>27. 02. 2022<br \/><em><strong>Meldeanschrift<\/strong><\/em>: Eiskunstlaufabteilung des DSC Arminia Bielefeld e.V:<br \/>Natalie Sch\u00e4fer<br \/>schaefer@arminia.de<br \/><em><strong>Meldung<\/strong><\/em>: Die Meldung von nicht NRW Vereinen kann ausschlie\u00dflich \u00fcber den entsprechenden Landeseissportverband erfolgen.<br \/><em><strong>Musikwiedergabe<\/strong><\/em>: CD<br \/><em><strong>Haftpflicht<\/strong><\/em>: Der Veranstalter \u00fcbernimmt keine Haftung f\u00fcr evtl. Unf\u00e4lle und andere Sch\u00e4den bei Teilnehmern und Offiziellen.<\/p>\n\n\n","protected":false},"excerpt":{"rendered":"<p>Ausschreibung Marietta-Marik-Pokal 2022 \u00a0 Ausschreibung f\u00fcr denMarietta-Marik-Pokal 2022 I. AllgemeinesVeranstalter: Eiskunstlaufabteilung des DSC Arminia Bielefeld e.V.Ort: Oetker-Eisbahn, Duisburger Str. 8, 33647 BielefeldDatum: 27. 03. 2022Zeitplan: Wird nach Eingang aller Meldungen erstellt und an alle beteiligten Vereine versandt.Wettbewerbsbedingungen: Der Wettbewerb wird gem\u00e4\u00df der DKB durchgef\u00fchrt, sofern in dieser Ausschreibung keine besonderen \u2026<\/p>\n<p class=\"continue-reading-button\"> <a class=\"continue-reading-link\" href=\"http:\/\/www.arminia-eiskunstlauf.de\/?page_id=76\">Mehr lesen<i class=\"crycon-right-dir\"><\/i><\/a><\/p>\n","protected":false},"author":1,"featured_media":0,"parent":0,"menu_order":0,"comment_status":"closed","ping_status":"closed","template":"","meta":{"footnotes":""},"class_list":["post-76","page","type-page","status-publish","hentry"],"_links":{"self":[{"href":"http:\/\/www.arminia-eiskunstlauf.de\/index.php?rest_route=\/wp\/v2\/pages\/76","targetHints":{"allow":["GET"]}}],"collection":[{"href":"http:\/\/www.arminia-eiskunstlauf.de\/index.php?rest_route=\/wp\/v2\/pages"}],"about":[{"href":"http:\/\/www.arminia-eiskunstlauf.de\/index.php?rest_route=\/wp\/v2\/types\/page"}],"author":[{"embeddable":true,"href":"http:\/\/www.arminia-eiskunstlauf.de\/index.php?rest_route=\/wp\/v2\/users\/1"}],"replies":[{"embeddable":true,"href":"http:\/\/www.arminia-eiskunstlauf.de\/index.php?rest_route=%2Fwp%2Fv2%2Fcomments&post=76"}],"version-history":[{"count":57,"href":"http:\/\/www.arminia-eiskunstlauf.de\/index.php?rest_route=\/wp\/v2\/pages\/76\/revisions"}],"predecessor-version":[{"id":1852,"href":"http:\/\/www.arminia-eiskunstlauf.de\/index.php?rest_route=\/wp\/v2\/pages\/76\/revisions\/1852"}],"wp:attachment":[{"href":"http:\/\/www.arminia-eiskunstlauf.de\/index.php?rest_route=%2Fwp%2Fv2%2Fmedia&parent=76"}],"curies":[{"name":"wp","href":"https:\/\/api.w.org\/{rel}","templated":true}]}}