{"id":69,"date":"2015-03-30T23:23:11","date_gmt":"2015-03-30T21:23:11","guid":{"rendered":"http:\/\/aeis.workbox.de\/?page_id=69"},"modified":"2015-04-03T00:13:53","modified_gmt":"2015-04-02T22:13:53","slug":"pruefungsinhalte","status":"publish","type":"page","link":"http:\/\/www.arminia-eiskunstlauf.de\/?page_id=69","title":{"rendered":"Pr\u00fcfungsinhalte"},"content":{"rendered":"<div class=\"su-spoiler su-spoiler-style-default su-spoiler-icon-arrow-circle-1 su-spoiler-closed\" data-scroll-offset=\"0\" data-anchor-in-url=\"no\"><div class=\"su-spoiler-title\" tabindex=\"0\" role=\"button\"><span class=\"su-spoiler-icon\"><\/span>Eis-, Frei-, Figuren- und Kunstl\u00e4ufer<\/div><div class=\"su-spoiler-content su-u-clearfix su-u-trim\">\n<div class=\"news_article\">\n<div>\n<p>Der Landes-Eissportverband NRW bietet in der Eislaufsaison regelm\u00e4\u00dfig stattfindende Eis-, Frei-, Figuren- und Kunstl\u00e4uferpr\u00fcfungen an. Die erfolgreich abgelegten Pr\u00fcfungen (in Reihenfolge abzulegen) berechtigen zum Start in den zugeh\u00f6rigen Wettbewerbskategorien.<\/p>\n<p><strong>Eisl\u00e4ufer<\/strong><\/p>\n<ul>\n<li>Vorw\u00e4rts laufen<\/li>\n<li>R\u00fcckw\u00e4rtslaufen<\/li>\n<li>Storch<\/li>\n<li>Hocke<\/li>\n<li>Chassee-Schritte<\/li>\n<\/ul>\n<p><strong>Freil\u00e4ufer<\/strong><\/p>\n<ul>\n<li>Vorw\u00e4rts \u00fcbersetzen<\/li>\n<li>R\u00fcckw\u00e4rts \u00fcbersetzen<\/li>\n<li>Flieger vorw\u00e4rts (mind. 0 min.)<\/li>\n<li>Bremsen<\/li>\n<\/ul>\n<p><strong>Figurenl\u00e4ufer<\/strong><\/p>\n<ul>\n<li>Schwungb\u00f6gen va<\/li>\n<li>Schwungb\u00f6gen ve<\/li>\n<li>Dreier va<\/li>\n<li>Flieger vorw\u00e4rts, Mohawk, Flieger r\u00fcckw\u00e4rts<\/li>\n<li>Dreiersprung<\/li>\n<li>Salchow<\/li>\n<li>Standpirouette (mind. 5 Umdrehungen)<\/li>\n<li>Bremsen auf allen Kufen<\/li>\n<\/ul>\n<p><strong>Kunst\u00e4ufer<\/strong><\/p>\n<p>L\u00e4ufer k\u00f6nnen nur eine Kunstl\u00e4uferpr\u00fcfung ablegen, wenn:<\/p>\n<ul>\n<li>ein Rittberger sicher gekonnt ist<\/li>\n<li>ein Flip ansatzweise vorhanden ist<\/li>\n<li>eine Sitz- oder Waagepirouette ansatzweise vorhanden ist<\/li>\n<li>Schwungb\u00f6gen ra<\/li>\n<li>Mohawkschritte in Achterform<\/li>\n<li>Schlangenb\u00f6gen<\/li>\n<li>K\u00fcr (2 min.) mit mind. 3 verschiedenen Spr\u00fcngen und 2 verschieden Pirouetten<\/li>\n<\/ul>\n<p><strong>Viel Gl\u00fcck und Erfolgt beim Ablegen der Pr\u00fcfungen in der Saison.<\/strong><\/p>\n<\/div>\n<\/div>\n<\/div><\/div>\n<div class=\"su-spoiler su-spoiler-style-default su-spoiler-icon-arrow-circle-1 su-spoiler-closed\" data-scroll-offset=\"0\" data-anchor-in-url=\"no\"><div class=\"su-spoiler-title\" tabindex=\"0\" role=\"button\"><span class=\"su-spoiler-icon\"><\/span>Breitensportklasse BK 8 bis BK 6<\/div><div class=\"su-spoiler-content su-u-clearfix su-u-trim\">\n<div class=\"news_article\">\n<div>\n<p>Der Landes-Eissportverband NRW bietet in der Eislaufsaison regelm\u00e4\u00dfig stattfindende Breitensportklassenl\u00e4ufe an. Die erfolgreich abgelegten Breitensportklassen (in Reihenfolge abzulegen) berechtigen zum Start in den zugeh\u00f6rigen Wettbewerbskategorien.<\/p>\n<p><strong>Breitensportklasse BK 8<\/strong><\/p>\n<ul>\n<li>\u00fcbersetzen vorw\u00e4rts und r\u00fcckw\u00e4rts auf der Acht<\/li>\n<li>Flieger mit 2 unterschiedlichen Positionen auf dem Kreis<\/li>\n<li>Dreiersprung-Jete-Salchow<\/li>\n<li>Toeloop<\/li>\n<li>Flip<\/li>\n<li>Standpirouette (5 U)<\/li>\n<\/ul>\n<p><strong>Breitensportklassse BK 7<\/strong><\/p>\n<ul>\n<ul>\n<li>Fliegervariationen mit Zirkelabschluss<\/li>\n<li>Mohawk vorw\u00e4rts einw\u00e4rts auf der Acht<\/li>\n<li>Zwei Spreizspr\u00fcnge<\/li>\n<li>Sprungsequenz aus 3 Einfachspr\u00fcngen<\/li>\n<li>Rittberger aus einem Schritt<\/li>\n<li>Sitzpirouette mit Variation (5U)<\/li>\n<\/ul>\n<\/ul>\n<p><strong>Breitensportklasse BK6<\/strong><\/p>\n<ul>\n<li>Dreierschritt-Variation (Wiener Walzer)<\/li>\n<li>Mohawk va auf der Acht (14er Musik)<\/li>\n<li>Rittberger-Jete-Flip<\/li>\n<li>Axel<\/li>\n<li>Waage-Sitz-Pirouette (3 U pro Position)<\/li>\n<li>Sitzpirouette ra (3 U in Sitzposition)<\/li>\n<\/ul>\n<p><strong>Viel Gl\u00fcck und Erfolgt beim Ablegen der Breitensportklassen in der Saison.<\/strong><\/p>\n<\/div>\n<\/div>\n<\/div><\/div>\n<div class=\"su-spoiler su-spoiler-style-default su-spoiler-icon-arrow-circle-1 su-spoiler-closed\" data-scroll-offset=\"0\" data-anchor-in-url=\"no\"><div class=\"su-spoiler-title\" tabindex=\"0\" role=\"button\"><span class=\"su-spoiler-icon\"><\/span>Klassenlaufen KK 8 bis KK 1<\/div><div class=\"su-spoiler-content su-u-clearfix su-u-trim\">\n<div class=\"news_article\">\n<div>\n<p>Der Landes-Eissportverband NRW bietet in der Eislaufsaison regelm\u00e4\u00dfig stattfindende Klassenlaufpr\u00fcfungen an. Die erfolgreich abgelegten K\u00fcrklassen (in Reihenfolge abzulegen) berechtigen zum Start in den zugeh\u00f6rigen Wettbewerbskategorien. Die K\u00fcrklassenpr\u00fcfungen erfolgen nach bundesweitem und einheitlichen Standard. Vor Teilnahme an Klassenlaufpr\u00fcfungen ist die Beantragung eines Sportpasses erforderlich. Im Rahmen der Obleutetagung der Deutschen Eislauf Union wurde beschlossen (Stand Saison 2009\/2010) folgende modifizierten K\u00fcrklassen G\u00fcltigkeit haben (Quelle: www-lev-nrw.org)<\/p>\n<p><strong>Pr\u00fcfungsinhalte: KK8<\/strong><\/p>\n<ul>\n<li>Gleitschritte links + rechts \u00fcber die Diagonale verbunden mit vorw\u00e4rts \u00fcbersetzen \/ beidseitig<\/li>\n<li>r\u00fcckw\u00e4rts \u00fcbersetzen in Achterform<\/li>\n<li>vorw\u00e4rts einw\u00e4rts Mohawkschritte in Achterform<\/li>\n<li>einfach Toeloop<\/li>\n<li>einfach Flip<\/li>\n<li>SK Dreiersprung \u2013 einfach Rittberger<\/li>\n<li>Standpirouette r\u00fcckw\u00e4rts einw\u00e4rts (6 Umdrehungen)<\/li>\n<li>Sitzpirouette r\u00fcckw\u00e4rts einw\u00e4rts (5 Umdrehungen)<\/li>\n<\/ul>\n<p><strong>Pr\u00fcfungsinhalte: KK7<\/strong><\/p>\n<ul>\n<li>vorw\u00e4rts ausw\u00e4rts Dreierwalzer in Achterform im \u00be-Takt<\/li>\n<li>Rittbergerschritte in Achterform<\/li>\n<li>vorw\u00e4rts einw\u00e4rts Dreierschritte links und rechts mit Spielbeinschwung<\/li>\n<li>einfacher Lutz<\/li>\n<li>Sprungkombination Flip + Toeloop<\/li>\n<li>Sprungsequenz Rittberger \u2013 Euler (Thoren) \u2013 Salchow<\/li>\n<li>Wechselstandpirouette ( 5\/5 Umdrehungen)<\/li>\n<li>Waagepirouette r\u00fcckw\u00e4rts einw\u00e4rts (5 Umdrehungen)<\/li>\n<\/ul>\n<p><strong>Pr\u00fcfungsinhalte: KK6<\/strong><\/p>\n<ul>\n<li>SF vorw\u00e4rts ausw\u00e4rts Dreier mit Schlangenbogen links und rechts im \u00be-Takt<\/li>\n<li>SF r\u00fcckw\u00e4rts einw\u00e4rts Doppeldreier links und rechts im 4\/4-Takt<\/li>\n<li>ausw\u00e4rts Mohawkschritte in Achterform<\/li>\n<li>einfach Axel<\/li>\n<li>SK einfach Rittberger + einfach Rittberger<\/li>\n<li>3er SK einfach Lutz + einfach Rittberger + einfach Toeloop<\/li>\n<li>PK ohne Fu\u00dfwechsel mit den 3 Basispositionen<\/li>\n<li>PK mit Fu\u00dfwechsel: Waagepirouette re \u2013 Sitzpirouette ra (5\/5 Umdrehungen)<\/li>\n<\/ul>\n<p><strong>Pr\u00fcfungsinhalte: KK5<\/strong><\/p>\n<ul>\n<li>SF aus va Doppeldreiern links und rechts im \u00be-Takt<\/li>\n<li>SF aus ra Gegenwenden links und rechts (Fu\u00df)<\/li>\n<li>SpF mit 3 Positionen, mit Fu\u00dfwechsel, v\/r, e\/a, eine frei gehaltene Position<\/li>\n<li>Doppelsprung nach Wahl<\/li>\n<li>Doppelsprung nach Wahl, verschieden zu Element (4)<\/li>\n<li>Einfach Axel-Nachstellschritt seitw\u00e4rts (H\u00fcpfer) \u2013 Einfach Axel<\/li>\n<li>Standpirouette mit schwieriger Position (mind. 2 U.), insgesamt 6 U.<\/li>\n<li>Wechselsitzpirouette (5\/5 U.)<\/li>\n<\/ul>\n<p><strong>Pr\u00fcfungsinhalte: KK4<\/strong><\/p>\n<ul>\n<li>SF aus Gegendreiern a oder e, v+r, links und rechts (Fu\u00df)<\/li>\n<li>Wendeschrittfolge ve+re, links und rechts (Fu\u00df)<\/li>\n<li>SF aus Choctaws beidseitig (links und rechts) im 4\/4-Takt<\/li>\n<li>Doppelrittberger<\/li>\n<li>Doppelsprung nach Wahl aus Schritten, verschieden zu Element (4)<\/li>\n<li>SK aus 2 Spr\u00fcngen, davon ein Doppelsprung, verschieden zu Element (4) und (5)<\/li>\n<li>Eingesprungene Waagepirouette (5U.)<\/li>\n<li>Wechselwaagepirouette ( 5\/5 U.)<\/li>\n<\/ul>\n<p><strong>Pr\u00fcfungsinhalte: KK3<\/strong><\/p>\n<ul>\n<li>SF aus Twizzles in beide Drehrichtungen<\/li>\n<li>SF aus Wenden, va + ra, links und rechts (Fu\u00df)<\/li>\n<li>SF aus Schlingen links und rechts (Fu\u00df) , v + r<\/li>\n<li>Doppellutz<\/li>\n<li>Doppelflip aus Schritten<\/li>\n<li>SK mit 2 Doppelspr\u00fcngen (z.B. Doppeltoeloop + Doppeltoeloop)<\/li>\n<li>Wechselsitzpirouette beginnend mit ra (6\/6 U.)<\/li>\n<li>Eingesprungene PK ohne Fu\u00dfwechsel mit allen 3 Basispositionen (insges. 10 U.)<\/li>\n<\/ul>\n<p><strong>Pr\u00fcfungsinhalte: KK2<\/strong><\/p>\n<ul>\n<li>Schrittfolge aus 6 Drehungen u. 4 Schritten, L\u00e4ngs-, Kreis- und Serpentinenform, max. eine Wiederholung pro Dreh- und Schrittelement<\/li>\n<li>Doppellutz aus Schritten<\/li>\n<li>SK aus 3 Doppelspr\u00fcngen, davon mind. 2 versch. Doppelspr\u00fcnge<\/li>\n<li>Sequenz aus Spreizsprung + Doppelflip + Doppeltoeloop<\/li>\n<li>Eingesprungene Sitzpirouette re (6 U.)<\/li>\n<li>Pk mit 3 Basispositionen und einem Fu\u00dfwechsel und einem Kantenwechsel (insges. 6\/6 U.)<\/li>\n<\/ul>\n<p><strong>Pr\u00fcfungsinhalte: KK1<\/strong><\/p>\n<ul>\n<li>Schrittk\u00fcr mit 6 verschiedenen Drehungen und 4 verschiedenen Schritten und nicht gelisteten Spr\u00fcngen (z.B. Ballettspr\u00fcnge), frei w\u00e4hlbare Musik, Dauer: 1:30 Min.<\/li>\n<li>Doppelaxel (3 Versuche)<\/li>\n<li>3er SK mit Doppellutz und 2 weiteren Doppelspr\u00fcngen<\/li>\n<li>Dreifachsprung nach Wahl (3 Versuche)<\/li>\n<li>Eingesprungene Pirouette mit schwierigem Eingang, Kantenwechsel und einer schwierigen Positionsvariation (mind. 8 U.)<\/li>\n<li>PK mit einem Fu\u00dfwechsel (6\/6 U.), mit 3 Basispositionen, 2 schwierigen Positionsvariationen auf verschiedenen F\u00fc\u00dfen und einem Kantenwechsel<\/li>\n<\/ul>\n<\/div>\n<\/div>\n<\/div><\/div>\n","protected":false},"excerpt":{"rendered":"<p class=\"continue-reading-button\"> <a class=\"continue-reading-link\" href=\"http:\/\/www.arminia-eiskunstlauf.de\/?page_id=69\">Mehr lesen<i class=\"crycon-right-dir\"><\/i><\/a><\/p>\n","protected":false},"author":1,"featured_media":0,"parent":0,"menu_order":0,"comment_status":"closed","ping_status":"closed","template":"","meta":{"footnotes":""},"class_list":["post-69","page","type-page","status-publish","hentry"],"_links":{"self":[{"href":"http:\/\/www.arminia-eiskunstlauf.de\/index.php?rest_route=\/wp\/v2\/pages\/69","targetHints":{"allow":["GET"]}}],"collection":[{"href":"http:\/\/www.arminia-eiskunstlauf.de\/index.php?rest_route=\/wp\/v2\/pages"}],"about":[{"href":"http:\/\/www.arminia-eiskunstlauf.de\/index.php?rest_route=\/wp\/v2\/types\/page"}],"author":[{"embeddable":true,"href":"http:\/\/www.arminia-eiskunstlauf.de\/index.php?rest_route=\/wp\/v2\/users\/1"}],"replies":[{"embeddable":true,"href":"http:\/\/www.arminia-eiskunstlauf.de\/index.php?rest_route=%2Fwp%2Fv2%2Fcomments&post=69"}],"version-history":[{"count":6,"href":"http:\/\/www.arminia-eiskunstlauf.de\/index.php?rest_route=\/wp\/v2\/pages\/69\/revisions"}],"predecessor-version":[{"id":307,"href":"http:\/\/www.arminia-eiskunstlauf.de\/index.php?rest_route=\/wp\/v2\/pages\/69\/revisions\/307"}],"wp:attachment":[{"href":"http:\/\/www.arminia-eiskunstlauf.de\/index.php?rest_route=%2Fwp%2Fv2%2Fmedia&parent=69"}],"curies":[{"name":"wp","href":"https:\/\/api.w.org\/{rel}","templated":true}]}}