{"id":63,"date":"2015-03-30T23:20:56","date_gmt":"2015-03-30T21:20:56","guid":{"rendered":"http:\/\/aeis.workbox.de\/?page_id=63"},"modified":"2015-04-03T00:06:44","modified_gmt":"2015-04-02T22:06:44","slug":"schaulaufen","status":"publish","type":"page","link":"http:\/\/www.arminia-eiskunstlauf.de\/?page_id=63","title":{"rendered":"Schaulaufen"},"content":{"rendered":"<p class=\"teaser_txt\" style=\"text-align: justify;\">Zu unserer traditionellen Winterfete gestalten wir jedes Jahr ein neues Schaulaufprogramm.<\/p>\n<div>\n<p style=\"text-align: justify;\">Lange vor dem Saisonstart im Oktober m\u00fcssen sich die Verantwortlichen f\u00fcr das Schaulaufen \u00fcber ein Schaulaufprogramm Gedanken machen. Zum Beispiel \u00fcber das Thema, die Musik und die Kost\u00fcme. Wenn das alles steht, m\u00fcssen die Kinder und Jugendlichen mit den Schaulaufproben anfangen. Trainiert wird flei\u00dfig von Oktober bis zum Januar immer freitags in der Zeit von 17:15 Uhr bis 18:45 Uhr. Alle Mitglieder k\u00f6nnen mitmachen.<\/p>\n<p style=\"text-align: justify;\">Wenn kurz vor der Schaulaufauff\u00fchrung die Generalprobe ansteht und dann mit Musik und Kost\u00fcmen zum letzten Mal geprobt wird, f\u00fchlen sich die kleinen Teilnehmer wie kleine Eisprinzen und Eisprinzessinnen. Alle strengen sich besonders an und sind ganz aufgeregt.<\/p>\n<\/div>\n","protected":false},"excerpt":{"rendered":"<p>Zu unserer traditionellen Winterfete gestalten wir jedes Jahr ein neues Schaulaufprogramm. Lange vor dem Saisonstart im Oktober m\u00fcssen sich die Verantwortlichen f\u00fcr das Schaulaufen \u00fcber ein Schaulaufprogramm Gedanken machen. Zum Beispiel \u00fcber das Thema, die Musik und die Kost\u00fcme. Wenn das alles steht, m\u00fcssen die Kinder und Jugendlichen mit den \u2026<\/p>\n<p class=\"continue-reading-button\"> <a class=\"continue-reading-link\" href=\"http:\/\/www.arminia-eiskunstlauf.de\/?page_id=63\">Mehr lesen<i class=\"crycon-right-dir\"><\/i><\/a><\/p>\n","protected":false},"author":1,"featured_media":0,"parent":0,"menu_order":0,"comment_status":"closed","ping_status":"closed","template":"","meta":{"footnotes":""},"class_list":["post-63","page","type-page","status-publish","hentry"],"_links":{"self":[{"href":"http:\/\/www.arminia-eiskunstlauf.de\/index.php?rest_route=\/wp\/v2\/pages\/63","targetHints":{"allow":["GET"]}}],"collection":[{"href":"http:\/\/www.arminia-eiskunstlauf.de\/index.php?rest_route=\/wp\/v2\/pages"}],"about":[{"href":"http:\/\/www.arminia-eiskunstlauf.de\/index.php?rest_route=\/wp\/v2\/types\/page"}],"author":[{"embeddable":true,"href":"http:\/\/www.arminia-eiskunstlauf.de\/index.php?rest_route=\/wp\/v2\/users\/1"}],"replies":[{"embeddable":true,"href":"http:\/\/www.arminia-eiskunstlauf.de\/index.php?rest_route=%2Fwp%2Fv2%2Fcomments&post=63"}],"version-history":[{"count":3,"href":"http:\/\/www.arminia-eiskunstlauf.de\/index.php?rest_route=\/wp\/v2\/pages\/63\/revisions"}],"predecessor-version":[{"id":302,"href":"http:\/\/www.arminia-eiskunstlauf.de\/index.php?rest_route=\/wp\/v2\/pages\/63\/revisions\/302"}],"wp:attachment":[{"href":"http:\/\/www.arminia-eiskunstlauf.de\/index.php?rest_route=%2Fwp%2Fv2%2Fmedia&parent=63"}],"curies":[{"name":"wp","href":"https:\/\/api.w.org\/{rel}","templated":true}]}}