{"id":61,"date":"2015-03-30T23:20:45","date_gmt":"2015-03-30T21:20:45","guid":{"rendered":"http:\/\/aeis.workbox.de\/?page_id=61"},"modified":"2015-04-03T00:04:28","modified_gmt":"2015-04-02T22:04:28","slug":"winterfete","status":"publish","type":"page","link":"http:\/\/www.arminia-eiskunstlauf.de\/?page_id=61","title":{"rendered":"Winterfete"},"content":{"rendered":"<div>\n<p style=\"text-align: justify;\">Einmal im Jahr findet unsere traditionelle Winterfete statt. Hier zeigen wir unser aktuelles Schaulaufprogramm auf der Oetkereisbahn. An diesem Tag ist jeder willkommen. Man zahlt nur einmal Eintritt. Gro\u00df und Klein k\u00f6nnen nach Herzenslust den ganzen Tag Schlittschuh laufen und sich dar\u00fcber hinaus 3 Mal am Tag unser Programm anschauen. Es gibt eine Tombola ohne Nieten. Der Erl\u00f6s kommt unseren Sportlern\/innen zu Gute. Neben dem ans\u00e4ssigen Kiosk bietet unsere Abteilung auch noch andere K\u00f6stlichkeiten zum Verzehr an. Ebenso ist der ASC immer mit einem Informationsstand pr\u00e4sent. Eine kleine \u00dcberraschung lassen wir uns auch immer einfallen. Kommen sie doch mal vorbei, entweder zum Zuschauen oder zum Eislaufen.<\/p>\n<p style=\"text-align: justify;\"><strong>Wir w\u00fcrden uns freuen!<\/strong><\/p>\n<\/div>\n","protected":false},"excerpt":{"rendered":"<p>Einmal im Jahr findet unsere traditionelle Winterfete statt. Hier zeigen wir unser aktuelles Schaulaufprogramm auf der Oetkereisbahn. An diesem Tag ist jeder willkommen. Man zahlt nur einmal Eintritt. Gro\u00df und Klein k\u00f6nnen nach Herzenslust den ganzen Tag Schlittschuh laufen und sich dar\u00fcber hinaus 3 Mal am Tag unser Programm anschauen. \u2026<\/p>\n<p class=\"continue-reading-button\"> <a class=\"continue-reading-link\" href=\"http:\/\/www.arminia-eiskunstlauf.de\/?page_id=61\">Mehr lesen<i class=\"crycon-right-dir\"><\/i><\/a><\/p>\n","protected":false},"author":1,"featured_media":0,"parent":0,"menu_order":0,"comment_status":"closed","ping_status":"closed","template":"","meta":{"footnotes":""},"class_list":["post-61","page","type-page","status-publish","hentry"],"_links":{"self":[{"href":"http:\/\/www.arminia-eiskunstlauf.de\/index.php?rest_route=\/wp\/v2\/pages\/61","targetHints":{"allow":["GET"]}}],"collection":[{"href":"http:\/\/www.arminia-eiskunstlauf.de\/index.php?rest_route=\/wp\/v2\/pages"}],"about":[{"href":"http:\/\/www.arminia-eiskunstlauf.de\/index.php?rest_route=\/wp\/v2\/types\/page"}],"author":[{"embeddable":true,"href":"http:\/\/www.arminia-eiskunstlauf.de\/index.php?rest_route=\/wp\/v2\/users\/1"}],"replies":[{"embeddable":true,"href":"http:\/\/www.arminia-eiskunstlauf.de\/index.php?rest_route=%2Fwp%2Fv2%2Fcomments&post=61"}],"version-history":[{"count":2,"href":"http:\/\/www.arminia-eiskunstlauf.de\/index.php?rest_route=\/wp\/v2\/pages\/61\/revisions"}],"predecessor-version":[{"id":300,"href":"http:\/\/www.arminia-eiskunstlauf.de\/index.php?rest_route=\/wp\/v2\/pages\/61\/revisions\/300"}],"wp:attachment":[{"href":"http:\/\/www.arminia-eiskunstlauf.de\/index.php?rest_route=%2Fwp%2Fv2%2Fmedia&parent=61"}],"curies":[{"name":"wp","href":"https:\/\/api.w.org\/{rel}","templated":true}]}}