{"id":59,"date":"2015-03-30T23:20:31","date_gmt":"2015-03-30T21:20:31","guid":{"rendered":"http:\/\/aeis.workbox.de\/?page_id=59"},"modified":"2021-01-03T14:07:50","modified_gmt":"2021-01-03T13:07:50","slug":"wettbewerbe-2","status":"publish","type":"page","link":"http:\/\/www.arminia-eiskunstlauf.de\/?page_id=59","title":{"rendered":"Wettbewerbe"},"content":{"rendered":"<div>\n<p style=\"text-align: justify;\">Unsere Abteilung f\u00e4hrt jedes Jahr zu verschiedenen Wettbewerben, innerhalb und teilweise auch au\u00dferhalb NRWs. Das ist jedes Mal f\u00fcr die Sportler\/innen eine gro\u00dfe Herausforderung. Sie trainieren darauf das ganze Jahr hart und flei\u00dfig hin. Meistens kommen sie mit einem L\u00e4cheln wieder, aber das ein oder andere Mal k\u00f6nnen auch Tr\u00e4nen flie\u00dfen, wenn es nicht so geklappt hat, wie es sollte. Die Trainer\/innen entscheiden, in welcher Startkategorie die L\u00e4ufer\/innen gemeldet werden und starten.<\/p>\n<p style=\"text-align: justify;\">Alle Sportler\/innen fiebern am Rand mit, wenn die Vereinskameraden\/innen an den Start gehen und dr\u00fccken ganz fest die Daumen.<\/p>\n<h5 style=\"text-align: justify;\"><strong>Wettkampfbestimmungen<\/strong><\/h5>\n<p style=\"text-align: justify;\">Leistungsorientierte Sportler-\/innen nehmen in der Regel an mindestens zwei Wettbewerben in der Eislaufsaison teil.<\/p>\n<p style=\"text-align: justify;\">Die Startkategorie richtet sich dabei nach dem Pr\u00fcfungs- oder K\u00fcrklassenstand des Wettkampfsportlers.<\/p>\n<p style=\"text-align: justify;\">Die Teilnahmevoraussetzungen ergeben sich aus den Ordnungen und Bestimmungen des Eissport-Verbandes NRW, aus den Ordnungen der \u00fcbergeordneten Fachverb\u00e4nde (Deutsche Eislauf-Union) sowie aus den Ausschreibungsunterlagen des jeweiligen Veranstalters.<\/p>\n<p style=\"text-align: justify;\">Jeder Wettbewerbsteilnehmer muss im Besitz eines Sportpasses (ab Kategorie Freil\u00e4ufer), eines g\u00fcltigen Sportgesundheitsnachweises sein. Die j\u00e4hrliche Lizenzgeb\u00fchr muss ab der Kategorie Freil\u00e4ufer ebenfalls an DEU (Deutsche Eilauf-Union ) entrichtet sein.<\/p>\n<p style=\"text-align: justify;\">Die Antragsformulare f\u00fcr den Sportpass sind auf den Internetseiten des LEV NRW (<a href=\"http:\/\/www.lev-nrw.org\">http:\/\/www.lev-nrw.org<\/a> )\u00a0 oder der DEU (Deutsche Eislauf- Union) abrufbar.<\/p>\n<\/div>\n","protected":false},"excerpt":{"rendered":"<p>Unsere Abteilung f\u00e4hrt jedes Jahr zu verschiedenen Wettbewerben, innerhalb und teilweise auch au\u00dferhalb NRWs. Das ist jedes Mal f\u00fcr die Sportler\/innen eine gro\u00dfe Herausforderung. Sie trainieren darauf das ganze Jahr hart und flei\u00dfig hin. Meistens kommen sie mit einem L\u00e4cheln wieder, aber das ein oder andere Mal k\u00f6nnen auch Tr\u00e4nen \u2026<\/p>\n<p class=\"continue-reading-button\"> <a class=\"continue-reading-link\" href=\"http:\/\/www.arminia-eiskunstlauf.de\/?page_id=59\">Mehr lesen<i class=\"crycon-right-dir\"><\/i><\/a><\/p>\n","protected":false},"author":1,"featured_media":0,"parent":0,"menu_order":0,"comment_status":"closed","ping_status":"closed","template":"","meta":{"footnotes":""},"class_list":["post-59","page","type-page","status-publish","hentry"],"_links":{"self":[{"href":"http:\/\/www.arminia-eiskunstlauf.de\/index.php?rest_route=\/wp\/v2\/pages\/59","targetHints":{"allow":["GET"]}}],"collection":[{"href":"http:\/\/www.arminia-eiskunstlauf.de\/index.php?rest_route=\/wp\/v2\/pages"}],"about":[{"href":"http:\/\/www.arminia-eiskunstlauf.de\/index.php?rest_route=\/wp\/v2\/types\/page"}],"author":[{"embeddable":true,"href":"http:\/\/www.arminia-eiskunstlauf.de\/index.php?rest_route=\/wp\/v2\/users\/1"}],"replies":[{"embeddable":true,"href":"http:\/\/www.arminia-eiskunstlauf.de\/index.php?rest_route=%2Fwp%2Fv2%2Fcomments&post=59"}],"version-history":[{"count":6,"href":"http:\/\/www.arminia-eiskunstlauf.de\/index.php?rest_route=\/wp\/v2\/pages\/59\/revisions"}],"predecessor-version":[{"id":1788,"href":"http:\/\/www.arminia-eiskunstlauf.de\/index.php?rest_route=\/wp\/v2\/pages\/59\/revisions\/1788"}],"wp:attachment":[{"href":"http:\/\/www.arminia-eiskunstlauf.de\/index.php?rest_route=%2Fwp%2Fv2%2Fmedia&parent=59"}],"curies":[{"name":"wp","href":"https:\/\/api.w.org\/{rel}","templated":true}]}}