{"id":49,"date":"2015-03-30T23:16:28","date_gmt":"2015-03-30T21:16:28","guid":{"rendered":"http:\/\/aeis.workbox.de\/?page_id=49"},"modified":"2021-09-23T19:59:50","modified_gmt":"2021-09-23T17:59:50","slug":"erwachsenenkurs","status":"publish","type":"page","link":"http:\/\/www.arminia-eiskunstlauf.de\/?page_id=49","title":{"rendered":"Hobbykurs"},"content":{"rendered":"<div>\n<h3 style=\"text-align: center;\">\u00a0<span style=\"color: #ff0000;\">Wichtig !!!<\/span><\/h3>\n<h3 style=\"text-align: center;\"><span style=\"color: #ff0000;\"><strong>Hobbykurs:<br \/>\nDer Hobby-\/Erwachsenenkurs wird vorerst nicht angeboten<\/strong>.<\/span><\/h3>\n<div><\/div>\n<h4><span style=\"color: #ff0000;\">\u00a0<\/span><\/h4>\n<div><\/div>\n<p style=\"text-align: justify;\">Ab dem &#8230;&#8230;&#8230;.. startet bei uns auf der Oetkereisbahn, Duisburger Str. 8, 33647 Bielefeld der neue Hobbykurs.<\/p>\n<p style=\"text-align: justify;\">Wir bieten den Kurs f\u00fcr alle ab dem 12. Lebensjahr, die das Eislaufen lernen m\u00f6chten oder ihre fr\u00fcheren Eislaufkenntnisse auffrischen wollen an.<\/p>\n<p style=\"text-align: justify;\">Der Kurs findet unter Anleitung eines\/einer erfahrenen Trainers\/in und \u00dcbungsleiters\/in statt. Fitness als Aktivprogramm f\u00fcr K\u00f6rper und Geist.<\/p>\n<p style=\"text-align: justify;\">Der Kurs findet einmal die Woche statt.<\/p>\n<p style=\"text-align: justify;\">Der Kurs umfasst 45 Minuten Unterricht, die Kursgeb\u00fchr betr\u00e4gt 25-30 Euro.<\/p>\n<p style=\"text-align: justify;\">\u00a0<strong>Zur Bekleidung sei zu bemerken:<\/strong><\/p>\n<p style=\"text-align: justify;\">Es sollte eine winterliche Sportbekleidung sein.<\/p>\n<p style=\"text-align: justify;\"><strong>Keine<\/strong> langen R\u00f6cke, Hosen mit weitem Schlag oder extrem dicke M\u00e4ntel\/Jacken.<\/p>\n<p style=\"text-align: justify;\">Bewegungsfreiheit muss gegeben sein!<\/p>\n<p style=\"text-align: justify;\"><strong>Handschuhe sind ein Muss!<\/strong><\/p>\n<p style=\"text-align: justify;\">Wenn man keine eigenen Schlittschuhe hat, kann man diese gegen eine Geb\u00fchr im Verleih an der Eisbahn ausleihen.<\/p>\n<\/div>\n","protected":false},"excerpt":{"rendered":"<p>\u00a0Wichtig !!! Hobbykurs: Der Hobby-\/Erwachsenenkurs wird vorerst nicht angeboten. \u00a0 Ab dem &#8230;&#8230;&#8230;.. startet bei uns auf der Oetkereisbahn, Duisburger Str. 8, 33647 Bielefeld der neue Hobbykurs. Wir bieten den Kurs f\u00fcr alle ab dem 12. Lebensjahr, die das Eislaufen lernen m\u00f6chten oder ihre fr\u00fcheren Eislaufkenntnisse auffrischen wollen an. Der \u2026<\/p>\n<p class=\"continue-reading-button\"> <a class=\"continue-reading-link\" href=\"http:\/\/www.arminia-eiskunstlauf.de\/?page_id=49\">Mehr lesen<i class=\"crycon-right-dir\"><\/i><\/a><\/p>\n","protected":false},"author":1,"featured_media":0,"parent":0,"menu_order":0,"comment_status":"closed","ping_status":"closed","template":"","meta":{"footnotes":""},"class_list":["post-49","page","type-page","status-publish","hentry"],"_links":{"self":[{"href":"http:\/\/www.arminia-eiskunstlauf.de\/index.php?rest_route=\/wp\/v2\/pages\/49","targetHints":{"allow":["GET"]}}],"collection":[{"href":"http:\/\/www.arminia-eiskunstlauf.de\/index.php?rest_route=\/wp\/v2\/pages"}],"about":[{"href":"http:\/\/www.arminia-eiskunstlauf.de\/index.php?rest_route=\/wp\/v2\/types\/page"}],"author":[{"embeddable":true,"href":"http:\/\/www.arminia-eiskunstlauf.de\/index.php?rest_route=\/wp\/v2\/users\/1"}],"replies":[{"embeddable":true,"href":"http:\/\/www.arminia-eiskunstlauf.de\/index.php?rest_route=%2Fwp%2Fv2%2Fcomments&post=49"}],"version-history":[{"count":17,"href":"http:\/\/www.arminia-eiskunstlauf.de\/index.php?rest_route=\/wp\/v2\/pages\/49\/revisions"}],"predecessor-version":[{"id":1868,"href":"http:\/\/www.arminia-eiskunstlauf.de\/index.php?rest_route=\/wp\/v2\/pages\/49\/revisions\/1868"}],"wp:attachment":[{"href":"http:\/\/www.arminia-eiskunstlauf.de\/index.php?rest_route=%2Fwp%2Fv2%2Fmedia&parent=49"}],"curies":[{"name":"wp","href":"https:\/\/api.w.org\/{rel}","templated":true}]}}