{"id":43,"date":"2015-03-30T23:14:22","date_gmt":"2015-03-30T21:14:22","guid":{"rendered":"http:\/\/aeis.workbox.de\/?page_id=43"},"modified":"2018-09-23T17:39:06","modified_gmt":"2018-09-23T15:39:06","slug":"wintertraining","status":"publish","type":"page","link":"http:\/\/www.arminia-eiskunstlauf.de\/?page_id=43","title":{"rendered":"Training im Winter"},"content":{"rendered":"<div>\n<p style=\"text-align: justify;\">Die Saison beginnt in der Regel im Oktober und endet Ende M\u00e4rz einer jeweiligen Saison.<\/p>\n<p style=\"text-align: justify;\">Das Training findet unter fachlicher Anleitung von einem\/r erfahrenen Trainer\/innen oder \u00dcbungsleiter\/innen statt.<\/p>\n<p style=\"text-align: justify;\">Kinder und Jugendliche werden nach Alter und Leistungsstand in entsprechende Gruppen eingeteilt und nach den Pr\u00fcfungskriterien des Landes-Eissportverbandes NRW unterrichtet.<\/p>\n<p style=\"text-align: justify;\">Die Einteilung erfolgt nach Leistungsstand und wird von dem\/der Trainer\/in vorgenommen.<\/p>\n<p style=\"text-align: justify;\">Das Training findet auf der <strong>Oetkereisbahn, Duisburger Str. 8, 33647 Bielefeld <\/strong>statt.<\/p>\n<p style=\"text-align: justify;\"><span style=\"text-decoration: underline;\">Wir bitten alle Sportler-\/innen, jeweils 30 Minuten vor Trainingsbeginn an der Eisbahn zu sein bzw. sich bei Nichtteilnahme rechtzeitig bei dem\/der zust\u00e4ndigen Trainer\/in oder \u00dcbungsleiter\/in zu entschuldigen<\/span>.<\/p>\n<p style=\"text-align: justify;\">Schlittschuhe k\u00f6nnen, soweit sie im Verein vorhanden sind, gegen eine Mietgeb\u00fchr von 35 \u20ac f\u00fcr eine Saison von aktiven Vereinsmitgliedern ausgeliehen werden ( Voraussetzung : Regelm\u00e4\u00dfige Teilnahme am Trockentraining , Wettbewerben und , oder Schaulaufen ). Sie sind dann am Ende der Saison wieder abzugeben. Bitte wenden Sie sich bei Nachfragen und R\u00fcckgabe an Elena Schwinn direkt an der Eisbahn.<\/p>\n<p style=\"text-align: justify;\">Wir w\u00fcnschen allen Sportler-\/innen einen guten Saisonstart und viel Freude beim Training.<\/p>\n<\/div>\n<div class=\"su-gmap su-u-responsive-media-yes\"><iframe loading=\"lazy\" width=\"600\" height=\"400\" src=\"\/\/maps.google.com\/maps?q=oetkereisbahn&amp;output=embed\" title=\"\"><\/iframe><\/div>\n","protected":false},"excerpt":{"rendered":"<p>Die Saison beginnt in der Regel im Oktober und endet Ende M\u00e4rz einer jeweiligen Saison. Das Training findet unter fachlicher Anleitung von einem\/r erfahrenen Trainer\/innen oder \u00dcbungsleiter\/innen statt. Kinder und Jugendliche werden nach Alter und Leistungsstand in entsprechende Gruppen eingeteilt und nach den Pr\u00fcfungskriterien des Landes-Eissportverbandes NRW unterrichtet. Die Einteilung \u2026<\/p>\n<p class=\"continue-reading-button\"> <a class=\"continue-reading-link\" href=\"http:\/\/www.arminia-eiskunstlauf.de\/?page_id=43\">Mehr lesen<i class=\"crycon-right-dir\"><\/i><\/a><\/p>\n","protected":false},"author":1,"featured_media":0,"parent":0,"menu_order":0,"comment_status":"closed","ping_status":"closed","template":"","meta":{"footnotes":""},"class_list":["post-43","page","type-page","status-publish","hentry"],"_links":{"self":[{"href":"http:\/\/www.arminia-eiskunstlauf.de\/index.php?rest_route=\/wp\/v2\/pages\/43","targetHints":{"allow":["GET"]}}],"collection":[{"href":"http:\/\/www.arminia-eiskunstlauf.de\/index.php?rest_route=\/wp\/v2\/pages"}],"about":[{"href":"http:\/\/www.arminia-eiskunstlauf.de\/index.php?rest_route=\/wp\/v2\/types\/page"}],"author":[{"embeddable":true,"href":"http:\/\/www.arminia-eiskunstlauf.de\/index.php?rest_route=\/wp\/v2\/users\/1"}],"replies":[{"embeddable":true,"href":"http:\/\/www.arminia-eiskunstlauf.de\/index.php?rest_route=%2Fwp%2Fv2%2Fcomments&post=43"}],"version-history":[{"count":7,"href":"http:\/\/www.arminia-eiskunstlauf.de\/index.php?rest_route=\/wp\/v2\/pages\/43\/revisions"}],"predecessor-version":[{"id":1048,"href":"http:\/\/www.arminia-eiskunstlauf.de\/index.php?rest_route=\/wp\/v2\/pages\/43\/revisions\/1048"}],"wp:attachment":[{"href":"http:\/\/www.arminia-eiskunstlauf.de\/index.php?rest_route=%2Fwp%2Fv2%2Fmedia&parent=43"}],"curies":[{"name":"wp","href":"https:\/\/api.w.org\/{rel}","templated":true}]}}