{"id":36,"date":"2015-03-30T23:10:59","date_gmt":"2015-03-30T21:10:59","guid":{"rendered":"http:\/\/aeis.workbox.de\/?page_id=36"},"modified":"2021-09-19T12:32:43","modified_gmt":"2021-09-19T10:32:43","slug":"downloads","status":"publish","type":"page","link":"http:\/\/www.arminia-eiskunstlauf.de\/?page_id=36","title":{"rendered":"Infos+Downloads+Formulare"},"content":{"rendered":"<p><a href=\"http:\/\/www.arminia-eiskunstlauf.de\/wp-content\/uploads\/2019\/10\/Infos_2019-1.pdf\">Infos Eiskunstlaufabteilung<\/a><\/p>\n<p><a href=\"http:\/\/www.arminia-eiskunstlauf.de\/wp-content\/uploads\/2020\/01\/Hinweise-zur-Lizenzgeb\u00fchr-f\u00fcr-Eiskunstl\u00e4uferinnen-und-l\u00e4ufer.pdf\">Lizenzgeb\u00fchr f\u00fcr Eiskunstl\u00e4uferinnen und -l\u00e4ufer<\/a><\/p>\n<p><a href=\"http:\/\/www.arminia-eiskunstlauf.de\/wp-content\/uploads\/2015\/03\/Abt.ordnung-2015-Original.pdf\" rel=\"\">Abteilungsordnung Eiskunstlauf\u00a0 <\/a><\/p>\n<p><a href=\"http:\/\/www.arminia-eiskunstlauf.de\/wp-content\/uploads\/2015\/03\/Allgemeine-Gescha\u0308ftsbedingungen-2.pdf\">Allgemeine Gescha\u0308ftsbedingungen-Privattraining<\/a><\/p>\n<p><a href=\"http:\/\/www.arminia-eiskunstlauf.de\/wp-content\/uploads\/2019\/03\/2018-10-15-Einverst\u00e4ndniserkl\u00e4rung_Fotos_namentlich.pdf\">Einverst\u00e4ndniserkl\u00e4rung_Fotos und Videos_<\/a><\/p>\n<p><a href=\"http:\/\/www.arminia-eiskunstlauf.de\/wp-content\/uploads\/2020\/02\/Info-zur-Warteliste.pdf\">Info zur Warteliste<\/a><\/p>\n","protected":false},"excerpt":{"rendered":"<p>Infos Eiskunstlaufabteilung Lizenzgeb\u00fchr f\u00fcr Eiskunstl\u00e4uferinnen und -l\u00e4ufer Abteilungsordnung Eiskunstlauf\u00a0 Allgemeine Gescha\u0308ftsbedingungen-Privattraining Einverst\u00e4ndniserkl\u00e4rung_Fotos und Videos_ Info zur Warteliste<\/p>\n<p class=\"continue-reading-button\"> <a class=\"continue-reading-link\" href=\"http:\/\/www.arminia-eiskunstlauf.de\/?page_id=36\">Mehr lesen<i class=\"crycon-right-dir\"><\/i><\/a><\/p>\n","protected":false},"author":1,"featured_media":0,"parent":0,"menu_order":0,"comment_status":"closed","ping_status":"closed","template":"","meta":{"footnotes":""},"class_list":["post-36","page","type-page","status-publish","hentry"],"_links":{"self":[{"href":"http:\/\/www.arminia-eiskunstlauf.de\/index.php?rest_route=\/wp\/v2\/pages\/36","targetHints":{"allow":["GET"]}}],"collection":[{"href":"http:\/\/www.arminia-eiskunstlauf.de\/index.php?rest_route=\/wp\/v2\/pages"}],"about":[{"href":"http:\/\/www.arminia-eiskunstlauf.de\/index.php?rest_route=\/wp\/v2\/types\/page"}],"author":[{"embeddable":true,"href":"http:\/\/www.arminia-eiskunstlauf.de\/index.php?rest_route=\/wp\/v2\/users\/1"}],"replies":[{"embeddable":true,"href":"http:\/\/www.arminia-eiskunstlauf.de\/index.php?rest_route=%2Fwp%2Fv2%2Fcomments&post=36"}],"version-history":[{"count":45,"href":"http:\/\/www.arminia-eiskunstlauf.de\/index.php?rest_route=\/wp\/v2\/pages\/36\/revisions"}],"predecessor-version":[{"id":1759,"href":"http:\/\/www.arminia-eiskunstlauf.de\/index.php?rest_route=\/wp\/v2\/pages\/36\/revisions\/1759"}],"wp:attachment":[{"href":"http:\/\/www.arminia-eiskunstlauf.de\/index.php?rest_route=%2Fwp%2Fv2%2Fmedia&parent=36"}],"curies":[{"name":"wp","href":"https:\/\/api.w.org\/{rel}","templated":true}]}}