{"id":1601,"date":"2020-02-11T19:55:07","date_gmt":"2020-02-11T18:55:07","guid":{"rendered":"http:\/\/www.arminia-eiskunstlauf.de\/?page_id=1601"},"modified":"2020-02-11T19:57:40","modified_gmt":"2020-02-11T18:57:40","slug":"info-zur-warteliste","status":"publish","type":"page","link":"http:\/\/www.arminia-eiskunstlauf.de\/?page_id=1601","title":{"rendered":"Info zur Warteliste"},"content":{"rendered":"\n<p><span style=\"color: #ff0000;\">INFO<\/span>: Die urspr\u00fcngliche Warteliste f\u00fcr die Vereinsaufnahme wird aus organisatorischen Gr\u00fcnden aufgel\u00f6st!<br \/>Ab sofort wird keine Warteliste f\u00fcr die Vereinsaufnahme mehr gef\u00fchrt!<br \/>Aus Kapazit\u00e4tsgr\u00fcnden ist leider eine Vereinsaufnahme nicht m\u00f6glich!<br \/>Der trotzdem n\u00f6tige Nachwuchs (Alter 3 bis 7 Jahre) wird im Rahmen der Kinderkurse von unseren Trainern individuell nach der Entwicklung und Leistung der Kinder rekrutiert und bei Bedarf aktiv angesprochen.<br \/>Daf\u00fcr bitten wir um Verst\u00e4ndnis.<\/p>\n","protected":false},"excerpt":{"rendered":"<p>INFO: Die urspr\u00fcngliche Warteliste f\u00fcr die Vereinsaufnahme wird aus organisatorischen Gr\u00fcnden aufgel\u00f6st!Ab sofort wird keine Warteliste f\u00fcr die Vereinsaufnahme mehr gef\u00fchrt!Aus Kapazit\u00e4tsgr\u00fcnden ist leider eine Vereinsaufnahme nicht m\u00f6glich!Der trotzdem n\u00f6tige Nachwuchs (Alter 3 bis 7 Jahre) wird im Rahmen der Kinderkurse von unseren Trainern individuell nach der Entwicklung und Leistung \u2026<\/p>\n<p class=\"continue-reading-button\"> <a class=\"continue-reading-link\" href=\"http:\/\/www.arminia-eiskunstlauf.de\/?page_id=1601\">Mehr lesen<i class=\"crycon-right-dir\"><\/i><\/a><\/p>\n","protected":false},"author":1,"featured_media":0,"parent":0,"menu_order":0,"comment_status":"closed","ping_status":"closed","template":"","meta":{"footnotes":""},"class_list":["post-1601","page","type-page","status-publish","hentry"],"_links":{"self":[{"href":"http:\/\/www.arminia-eiskunstlauf.de\/index.php?rest_route=\/wp\/v2\/pages\/1601","targetHints":{"allow":["GET"]}}],"collection":[{"href":"http:\/\/www.arminia-eiskunstlauf.de\/index.php?rest_route=\/wp\/v2\/pages"}],"about":[{"href":"http:\/\/www.arminia-eiskunstlauf.de\/index.php?rest_route=\/wp\/v2\/types\/page"}],"author":[{"embeddable":true,"href":"http:\/\/www.arminia-eiskunstlauf.de\/index.php?rest_route=\/wp\/v2\/users\/1"}],"replies":[{"embeddable":true,"href":"http:\/\/www.arminia-eiskunstlauf.de\/index.php?rest_route=%2Fwp%2Fv2%2Fcomments&post=1601"}],"version-history":[{"count":4,"href":"http:\/\/www.arminia-eiskunstlauf.de\/index.php?rest_route=\/wp\/v2\/pages\/1601\/revisions"}],"predecessor-version":[{"id":1606,"href":"http:\/\/www.arminia-eiskunstlauf.de\/index.php?rest_route=\/wp\/v2\/pages\/1601\/revisions\/1606"}],"wp:attachment":[{"href":"http:\/\/www.arminia-eiskunstlauf.de\/index.php?rest_route=%2Fwp%2Fv2%2Fmedia&parent=1601"}],"curies":[{"name":"wp","href":"https:\/\/api.w.org\/{rel}","templated":true}]}}